{"id":6843,"date":"2024-02-21T18:33:23","date_gmt":"2024-02-21T15:33:23","guid":{"rendered":"https:\/\/belgestone.com.tr\/?page_id=6843"},"modified":"2024-02-21T19:37:32","modified_gmt":"2024-02-21T16:37:32","slug":"light-traverten-2","status":"publish","type":"page","link":"https:\/\/belgestone.com.tr\/index.php\/light-traverten-2\/","title":{"rendered":"LIGHT TRAVERTEN"},"content":{"rendered":"\t\t<div data-elementor-type=\"wp-page\" data-elementor-id=\"6843\" class=\"elementor elementor-6843\">\n\t\t\t\t<div class=\"elementor-element elementor-element-6a79b13 e-flex e-con-boxed e-con e-parent\" data-id=\"6a79b13\" data-element_type=\"container\" data-settings=\"{&quot;content_width&quot;:&quot;boxed&quot;}\" data-core-v316-plus=\"true\">\n\t\t\t\t\t<div class=\"e-con-inner\">\n\t\t<div class=\"elementor-element elementor-element-a1f96b7 e-con-full e-flex e-con e-child\" data-id=\"a1f96b7\" data-element_type=\"container\" data-settings=\"{&quot;content_width&quot;:&quot;full&quot;}\">\n\t\t\t\t<div class=\"elementor-element elementor-element-ede3b64 elementor-widget elementor-widget-image\" data-id=\"ede3b64\" data-element_type=\"widget\" data-widget_type=\"image.default\">\n\t\t\t\t<div class=\"elementor-widget-container\">\n\t\t\t<style>\/*! elementor - v3.19.0 - 07-02-2024 *\/\n.elementor-widget-image{text-align:center}.elementor-widget-image a{display:inline-block}.elementor-widget-image a img[src$=\".svg\"]{width:48px}.elementor-widget-image img{vertical-align:middle;display:inline-block}<\/style>\t\t\t\t\t\t\t\t\t\t<img fetchpriority=\"high\" decoding=\"async\" width=\"525\" height=\"573\" src=\"https:\/\/belgestone.com.tr\/wp-content\/uploads\/2024\/02\/LIGHT-TRAVERTEN.png\" class=\"attachment-large size-large wp-image-6792\" alt=\"\" srcset=\"https:\/\/belgestone.com.tr\/wp-content\/uploads\/2024\/02\/LIGHT-TRAVERTEN.png 613w, https:\/\/belgestone.com.tr\/wp-content\/uploads\/2024\/02\/LIGHT-TRAVERTEN-275x300.png 275w\" sizes=\"(max-width: 525px) 100vw, 525px\" \/>\t\t\t\t\t\t\t\t\t\t\t\t\t<\/div>\n\t\t\t\t<\/div>\n\t\t\t\t<\/div>\n\t\t<div class=\"elementor-element elementor-element-bfd2f3e e-con-full e-flex e-con e-child\" data-id=\"bfd2f3e\" data-element_type=\"container\" data-settings=\"{&quot;content_width&quot;:&quot;full&quot;}\">\n\t\t\t\t<div class=\"elementor-element elementor-element-202d94e elementor-widget elementor-widget-text-editor\" data-id=\"202d94e\" data-element_type=\"widget\" data-widget_type=\"text-editor.default\">\n\t\t\t\t<div class=\"elementor-widget-container\">\n\t\t\t<style>\/*! elementor - v3.19.0 - 07-02-2024 *\/\n.elementor-widget-text-editor.elementor-drop-cap-view-stacked .elementor-drop-cap{background-color:#69727d;color:#fff}.elementor-widget-text-editor.elementor-drop-cap-view-framed .elementor-drop-cap{color:#69727d;border:3px solid;background-color:transparent}.elementor-widget-text-editor:not(.elementor-drop-cap-view-default) .elementor-drop-cap{margin-top:8px}.elementor-widget-text-editor:not(.elementor-drop-cap-view-default) .elementor-drop-cap-letter{width:1em;height:1em}.elementor-widget-text-editor .elementor-drop-cap{float:left;text-align:center;line-height:1;font-size:50px}.elementor-widget-text-editor .elementor-drop-cap-letter{display:inline-block}<\/style>\t\t\t\t<p>Traverten y\u00fczy\u0131llard\u0131r zamana meydan okuyan muhte\u015fem mimari harikalar yaratmak i\u00e7in kullan\u0131lm\u0131\u015ft\u0131r. Son derece dayan\u0131kl\u0131 ve zengin, s\u0131cak ve toprak tonlar\u0131na sahip. Traverten krem rengiyle rustik ve sofistike bir zarafete sahiptir.<\/p>\t\t\t\t\t\t<\/div>\n\t\t\t\t<\/div>\n\t\t\t\t<\/div>\n\t\t\t\t\t<\/div>\n\t\t\t\t<\/div>\n\t\t\t\t<\/div>\n\t\t","protected":false},"excerpt":{"rendered":"<p>Traverten y\u00fczy\u0131llard\u0131r zamana meydan okuyan muhte\u015fem mimari harikalar yaratmak i\u00e7in kullan\u0131lm\u0131\u015ft\u0131r. Son derece dayan\u0131kl\u0131 ve zengin, s\u0131cak ve toprak tonlar\u0131na sahip. Traverten krem rengiyle rustik ve sofistike bir zarafete sahiptir.<\/p>\n","protected":false},"author":1,"featured_media":0,"parent":0,"menu_order":0,"comment_status":"closed","ping_status":"closed","template":"","meta":{"_acf_changed":false,"footnotes":""},"class_list":["post-6843","page","type-page","status-publish","hentry"],"acf":[],"_links":{"self":[{"href":"https:\/\/belgestone.com.tr\/index.php\/wp-json\/wp\/v2\/pages\/6843","targetHints":{"allow":["GET"]}}],"collection":[{"href":"https:\/\/belgestone.com.tr\/index.php\/wp-json\/wp\/v2\/pages"}],"about":[{"href":"https:\/\/belgestone.com.tr\/index.php\/wp-json\/wp\/v2\/types\/page"}],"author":[{"embeddable":true,"href":"https:\/\/belgestone.com.tr\/index.php\/wp-json\/wp\/v2\/users\/1"}],"replies":[{"embeddable":true,"href":"https:\/\/belgestone.com.tr\/index.php\/wp-json\/wp\/v2\/comments?post=6843"}],"version-history":[{"count":4,"href":"https:\/\/belgestone.com.tr\/index.php\/wp-json\/wp\/v2\/pages\/6843\/revisions"}],"predecessor-version":[{"id":6940,"href":"https:\/\/belgestone.com.tr\/index.php\/wp-json\/wp\/v2\/pages\/6843\/revisions\/6940"}],"wp:attachment":[{"href":"https:\/\/belgestone.com.tr\/index.php\/wp-json\/wp\/v2\/media?parent=6843"}],"curies":[{"name":"wp","href":"https:\/\/api.w.org\/{rel}","templated":true}]}}