{"id":6841,"date":"2024-02-21T18:32:39","date_gmt":"2024-02-21T15:32:39","guid":{"rendered":"https:\/\/belgestone.com.tr\/?page_id=6841"},"modified":"2024-02-21T19:35:44","modified_gmt":"2024-02-21T16:35:44","slug":"tundra-grey-marble-2","status":"publish","type":"page","link":"https:\/\/belgestone.com.tr\/index.php\/tundra-grey-marble-2\/","title":{"rendered":"TUNDRA GREY MARBLE"},"content":{"rendered":"\t\t<div data-elementor-type=\"wp-page\" data-elementor-id=\"6841\" class=\"elementor elementor-6841\">\n\t\t\t\t<div class=\"elementor-element elementor-element-7bd9cf8 e-flex e-con-boxed e-con e-parent\" data-id=\"7bd9cf8\" data-element_type=\"container\" data-settings=\"{&quot;content_width&quot;:&quot;boxed&quot;}\" data-core-v316-plus=\"true\">\n\t\t\t\t\t<div class=\"e-con-inner\">\n\t\t<div class=\"elementor-element elementor-element-4430848 e-con-full e-flex e-con e-child\" data-id=\"4430848\" data-element_type=\"container\" data-settings=\"{&quot;content_width&quot;:&quot;full&quot;}\">\n\t\t\t\t<div class=\"elementor-element elementor-element-460d40f elementor-widget elementor-widget-image\" data-id=\"460d40f\" data-element_type=\"widget\" data-widget_type=\"image.default\">\n\t\t\t\t<div class=\"elementor-widget-container\">\n\t\t\t<style>\/*! elementor - v3.19.0 - 07-02-2024 *\/\n.elementor-widget-image{text-align:center}.elementor-widget-image a{display:inline-block}.elementor-widget-image a img[src$=\".svg\"]{width:48px}.elementor-widget-image img{vertical-align:middle;display:inline-block}<\/style>\t\t\t\t\t\t\t\t\t\t<img fetchpriority=\"high\" decoding=\"async\" width=\"525\" height=\"573\" src=\"https:\/\/belgestone.com.tr\/wp-content\/uploads\/2024\/02\/TUNDRA-GREY-MARBLE.png\" class=\"attachment-large size-large wp-image-6786\" alt=\"\" srcset=\"https:\/\/belgestone.com.tr\/wp-content\/uploads\/2024\/02\/TUNDRA-GREY-MARBLE.png 613w, https:\/\/belgestone.com.tr\/wp-content\/uploads\/2024\/02\/TUNDRA-GREY-MARBLE-275x300.png 275w\" sizes=\"(max-width: 525px) 100vw, 525px\" \/>\t\t\t\t\t\t\t\t\t\t\t\t\t<\/div>\n\t\t\t\t<\/div>\n\t\t\t\t<\/div>\n\t\t<div class=\"elementor-element elementor-element-cae8d99 e-con-full e-flex e-con e-child\" data-id=\"cae8d99\" data-element_type=\"container\" data-settings=\"{&quot;content_width&quot;:&quot;full&quot;}\">\n\t\t\t\t<div class=\"elementor-element elementor-element-bb47846 elementor-widget elementor-widget-text-editor\" data-id=\"bb47846\" data-element_type=\"widget\" data-widget_type=\"text-editor.default\">\n\t\t\t\t<div class=\"elementor-widget-container\">\n\t\t\t<style>\/*! elementor - v3.19.0 - 07-02-2024 *\/\n.elementor-widget-text-editor.elementor-drop-cap-view-stacked .elementor-drop-cap{background-color:#69727d;color:#fff}.elementor-widget-text-editor.elementor-drop-cap-view-framed .elementor-drop-cap{color:#69727d;border:3px solid;background-color:transparent}.elementor-widget-text-editor:not(.elementor-drop-cap-view-default) .elementor-drop-cap{margin-top:8px}.elementor-widget-text-editor:not(.elementor-drop-cap-view-default) .elementor-drop-cap-letter{width:1em;height:1em}.elementor-widget-text-editor .elementor-drop-cap{float:left;text-align:center;line-height:1;font-size:50px}.elementor-widget-text-editor .elementor-drop-cap-letter{display:inline-block}<\/style>\t\t\t\t<p>Modern ve minimalist yap\u0131s\u0131yla Tundra Gri mermer, incelik ve zevki yans\u0131t\u0131r. N\u00f6tr rengi sayesinde i\u00e7 mekan kaplamalar\u0131, zeminler, banklar ve daha bir\u00e7ok mekan i\u00e7in uygundur. \u0130\u00e7ten gelen g\u00fczelli\u011fi ve n\u00f6trl\u00fc\u011f\u00fc di\u011fer mermerlerle kullan\u0131ld\u0131\u011f\u0131nda, projeleriniz i\u00e7in m\u00fckemmel bir kombinasyon olu\u015fturacakt\u0131r!<\/p>\t\t\t\t\t\t<\/div>\n\t\t\t\t<\/div>\n\t\t\t\t<\/div>\n\t\t\t\t\t<\/div>\n\t\t\t\t<\/div>\n\t\t\t\t<\/div>\n\t\t","protected":false},"excerpt":{"rendered":"<p>Modern ve minimalist yap\u0131s\u0131yla Tundra Gri mermer, incelik ve zevki yans\u0131t\u0131r. N\u00f6tr rengi sayesinde i\u00e7 mekan kaplamalar\u0131, zeminler, banklar ve daha bir\u00e7ok mekan i\u00e7in uygundur. \u0130\u00e7ten gelen g\u00fczelli\u011fi ve n\u00f6trl\u00fc\u011f\u00fc di\u011fer mermerlerle kullan\u0131ld\u0131\u011f\u0131nda, projeleriniz i\u00e7in m\u00fckemmel bir kombinasyon olu\u015fturacakt\u0131r!<\/p>\n","protected":false},"author":1,"featured_media":0,"parent":0,"menu_order":0,"comment_status":"closed","ping_status":"closed","template":"","meta":{"_acf_changed":false,"footnotes":""},"class_list":["post-6841","page","type-page","status-publish","hentry"],"acf":[],"_links":{"self":[{"href":"https:\/\/belgestone.com.tr\/index.php\/wp-json\/wp\/v2\/pages\/6841","targetHints":{"allow":["GET"]}}],"collection":[{"href":"https:\/\/belgestone.com.tr\/index.php\/wp-json\/wp\/v2\/pages"}],"about":[{"href":"https:\/\/belgestone.com.tr\/index.php\/wp-json\/wp\/v2\/types\/page"}],"author":[{"embeddable":true,"href":"https:\/\/belgestone.com.tr\/index.php\/wp-json\/wp\/v2\/users\/1"}],"replies":[{"embeddable":true,"href":"https:\/\/belgestone.com.tr\/index.php\/wp-json\/wp\/v2\/comments?post=6841"}],"version-history":[{"count":4,"href":"https:\/\/belgestone.com.tr\/index.php\/wp-json\/wp\/v2\/pages\/6841\/revisions"}],"predecessor-version":[{"id":6934,"href":"https:\/\/belgestone.com.tr\/index.php\/wp-json\/wp\/v2\/pages\/6841\/revisions\/6934"}],"wp:attachment":[{"href":"https:\/\/belgestone.com.tr\/index.php\/wp-json\/wp\/v2\/media?parent=6841"}],"curies":[{"name":"wp","href":"https:\/\/api.w.org\/{rel}","templated":true}]}}