{"id":6839,"date":"2024-02-21T18:32:25","date_gmt":"2024-02-21T15:32:25","guid":{"rendered":"https:\/\/belgestone.com.tr\/?page_id=6839"},"modified":"2024-02-21T19:34:57","modified_gmt":"2024-02-21T16:34:57","slug":"lilac-marble-2","status":"publish","type":"page","link":"https:\/\/belgestone.com.tr\/index.php\/lilac-marble-2\/","title":{"rendered":"LILAC MARBLE"},"content":{"rendered":"\t\t<div data-elementor-type=\"wp-page\" data-elementor-id=\"6839\" class=\"elementor elementor-6839\">\n\t\t\t\t<div class=\"elementor-element elementor-element-fd7859e e-flex e-con-boxed e-con e-parent\" data-id=\"fd7859e\" data-element_type=\"container\" data-settings=\"{&quot;content_width&quot;:&quot;boxed&quot;}\" data-core-v316-plus=\"true\">\n\t\t\t\t\t<div class=\"e-con-inner\">\n\t\t<div class=\"elementor-element elementor-element-14ed3d9 e-con-full e-flex e-con e-child\" data-id=\"14ed3d9\" data-element_type=\"container\" data-settings=\"{&quot;content_width&quot;:&quot;full&quot;}\">\n\t\t\t\t<div class=\"elementor-element elementor-element-1e77dbe elementor-widget elementor-widget-image\" data-id=\"1e77dbe\" data-element_type=\"widget\" data-widget_type=\"image.default\">\n\t\t\t\t<div class=\"elementor-widget-container\">\n\t\t\t<style>\/*! elementor - v3.19.0 - 07-02-2024 *\/\n.elementor-widget-image{text-align:center}.elementor-widget-image a{display:inline-block}.elementor-widget-image a img[src$=\".svg\"]{width:48px}.elementor-widget-image img{vertical-align:middle;display:inline-block}<\/style>\t\t\t\t\t\t\t\t\t\t<img fetchpriority=\"high\" decoding=\"async\" width=\"525\" height=\"573\" src=\"https:\/\/belgestone.com.tr\/wp-content\/uploads\/2024\/02\/LILAC-MARBLE.png\" class=\"attachment-large size-large wp-image-6791\" alt=\"\" srcset=\"https:\/\/belgestone.com.tr\/wp-content\/uploads\/2024\/02\/LILAC-MARBLE.png 613w, https:\/\/belgestone.com.tr\/wp-content\/uploads\/2024\/02\/LILAC-MARBLE-275x300.png 275w\" sizes=\"(max-width: 525px) 100vw, 525px\" \/>\t\t\t\t\t\t\t\t\t\t\t\t\t<\/div>\n\t\t\t\t<\/div>\n\t\t\t\t<\/div>\n\t\t<div class=\"elementor-element elementor-element-20af125 e-con-full e-flex e-con e-child\" data-id=\"20af125\" data-element_type=\"container\" data-settings=\"{&quot;content_width&quot;:&quot;full&quot;}\">\n\t\t\t\t<div class=\"elementor-element elementor-element-935af95 elementor-widget elementor-widget-text-editor\" data-id=\"935af95\" data-element_type=\"widget\" data-widget_type=\"text-editor.default\">\n\t\t\t\t<div class=\"elementor-widget-container\">\n\t\t\t<style>\/*! elementor - v3.19.0 - 07-02-2024 *\/\n.elementor-widget-text-editor.elementor-drop-cap-view-stacked .elementor-drop-cap{background-color:#69727d;color:#fff}.elementor-widget-text-editor.elementor-drop-cap-view-framed .elementor-drop-cap{color:#69727d;border:3px solid;background-color:transparent}.elementor-widget-text-editor:not(.elementor-drop-cap-view-default) .elementor-drop-cap{margin-top:8px}.elementor-widget-text-editor:not(.elementor-drop-cap-view-default) .elementor-drop-cap-letter{width:1em;height:1em}.elementor-widget-text-editor .elementor-drop-cap{float:left;text-align:center;line-height:1;font-size:50px}.elementor-widget-text-editor .elementor-drop-cap-letter{display:inline-block}<\/style>\t\t\t\t<p>Leylak \u015f\u00fcphesiz T\u00fcrkiye&#8217;nin en g\u00fczel beyaz mermerlerinden biridir.<br \/>Saf beyaz arka plan\u0131 \u00fczerindeki dramatik koyu mor damarlar\u0131 ile Leylak, temiz g\u00f6r\u00fcn\u00fcm\u00fc ve inceli\u011finden ho\u015fnut bir\u00e7ok tasar\u0131mc\u0131 ve mimar aras\u0131nda pop\u00fclerlik kazanm\u0131\u015f e\u015fsiz bir \u00fcr\u00fcnd\u00fcr!<\/p>\t\t\t\t\t\t<\/div>\n\t\t\t\t<\/div>\n\t\t\t\t<\/div>\n\t\t\t\t\t<\/div>\n\t\t\t\t<\/div>\n\t\t\t\t<\/div>\n\t\t","protected":false},"excerpt":{"rendered":"<p>Leylak \u015f\u00fcphesiz T\u00fcrkiye&#8217;nin en g\u00fczel beyaz mermerlerinden biridir.Saf beyaz arka plan\u0131 \u00fczerindeki dramatik koyu mor damarlar\u0131 ile Leylak, temiz g\u00f6r\u00fcn\u00fcm\u00fc ve inceli\u011finden ho\u015fnut bir\u00e7ok tasar\u0131mc\u0131 ve mimar aras\u0131nda pop\u00fclerlik kazanm\u0131\u015f e\u015fsiz bir \u00fcr\u00fcnd\u00fcr!<\/p>\n","protected":false},"author":1,"featured_media":0,"parent":0,"menu_order":0,"comment_status":"closed","ping_status":"closed","template":"","meta":{"_acf_changed":false,"footnotes":""},"class_list":["post-6839","page","type-page","status-publish","hentry"],"acf":[],"_links":{"self":[{"href":"https:\/\/belgestone.com.tr\/index.php\/wp-json\/wp\/v2\/pages\/6839","targetHints":{"allow":["GET"]}}],"collection":[{"href":"https:\/\/belgestone.com.tr\/index.php\/wp-json\/wp\/v2\/pages"}],"about":[{"href":"https:\/\/belgestone.com.tr\/index.php\/wp-json\/wp\/v2\/types\/page"}],"author":[{"embeddable":true,"href":"https:\/\/belgestone.com.tr\/index.php\/wp-json\/wp\/v2\/users\/1"}],"replies":[{"embeddable":true,"href":"https:\/\/belgestone.com.tr\/index.php\/wp-json\/wp\/v2\/comments?post=6839"}],"version-history":[{"count":4,"href":"https:\/\/belgestone.com.tr\/index.php\/wp-json\/wp\/v2\/pages\/6839\/revisions"}],"predecessor-version":[{"id":6931,"href":"https:\/\/belgestone.com.tr\/index.php\/wp-json\/wp\/v2\/pages\/6839\/revisions\/6931"}],"wp:attachment":[{"href":"https:\/\/belgestone.com.tr\/index.php\/wp-json\/wp\/v2\/media?parent=6839"}],"curies":[{"name":"wp","href":"https:\/\/api.w.org\/{rel}","templated":true}]}}