{"id":6830,"date":"2024-02-21T18:30:27","date_gmt":"2024-02-21T15:30:27","guid":{"rendered":"https:\/\/belgestone.com.tr\/?page_id=6830"},"modified":"2024-02-21T19:31:28","modified_gmt":"2024-02-21T16:31:28","slug":"light-emparador-marble-2","status":"publish","type":"page","link":"https:\/\/belgestone.com.tr\/index.php\/light-emparador-marble-2\/","title":{"rendered":"LIGHT EMPARADOR MARBLE"},"content":{"rendered":"\t\t<div data-elementor-type=\"wp-page\" data-elementor-id=\"6830\" class=\"elementor elementor-6830\">\n\t\t\t\t<div class=\"elementor-element elementor-element-645f4ef e-flex e-con-boxed e-con e-parent\" data-id=\"645f4ef\" data-element_type=\"container\" data-settings=\"{&quot;content_width&quot;:&quot;boxed&quot;}\" data-core-v316-plus=\"true\">\n\t\t\t\t\t<div class=\"e-con-inner\">\n\t\t<div class=\"elementor-element elementor-element-a813583 e-con-full e-flex e-con e-child\" data-id=\"a813583\" data-element_type=\"container\" data-settings=\"{&quot;content_width&quot;:&quot;full&quot;}\">\n\t\t\t\t<div class=\"elementor-element elementor-element-411bbb1 elementor-widget elementor-widget-image\" data-id=\"411bbb1\" data-element_type=\"widget\" data-widget_type=\"image.default\">\n\t\t\t\t<div class=\"elementor-widget-container\">\n\t\t\t<style>\/*! elementor - v3.19.0 - 07-02-2024 *\/\n.elementor-widget-image{text-align:center}.elementor-widget-image a{display:inline-block}.elementor-widget-image a img[src$=\".svg\"]{width:48px}.elementor-widget-image img{vertical-align:middle;display:inline-block}<\/style>\t\t\t\t\t\t\t\t\t\t<img fetchpriority=\"high\" decoding=\"async\" width=\"525\" height=\"573\" src=\"https:\/\/belgestone.com.tr\/wp-content\/uploads\/2024\/02\/LIGHT-EMPARADOR-MARBLE.png\" class=\"attachment-large size-large wp-image-6793\" alt=\"\" srcset=\"https:\/\/belgestone.com.tr\/wp-content\/uploads\/2024\/02\/LIGHT-EMPARADOR-MARBLE.png 613w, https:\/\/belgestone.com.tr\/wp-content\/uploads\/2024\/02\/LIGHT-EMPARADOR-MARBLE-275x300.png 275w\" sizes=\"(max-width: 525px) 100vw, 525px\" \/>\t\t\t\t\t\t\t\t\t\t\t\t\t<\/div>\n\t\t\t\t<\/div>\n\t\t\t\t<\/div>\n\t\t<div class=\"elementor-element elementor-element-9356c2f e-con-full e-flex e-con e-child\" data-id=\"9356c2f\" data-element_type=\"container\" data-settings=\"{&quot;content_width&quot;:&quot;full&quot;}\">\n\t\t\t\t<div class=\"elementor-element elementor-element-49646d3 elementor-widget elementor-widget-text-editor\" data-id=\"49646d3\" data-element_type=\"widget\" data-widget_type=\"text-editor.default\">\n\t\t\t\t<div class=\"elementor-widget-container\">\n\t\t\t<style>\/*! elementor - v3.19.0 - 07-02-2024 *\/\n.elementor-widget-text-editor.elementor-drop-cap-view-stacked .elementor-drop-cap{background-color:#69727d;color:#fff}.elementor-widget-text-editor.elementor-drop-cap-view-framed .elementor-drop-cap{color:#69727d;border:3px solid;background-color:transparent}.elementor-widget-text-editor:not(.elementor-drop-cap-view-default) .elementor-drop-cap{margin-top:8px}.elementor-widget-text-editor:not(.elementor-drop-cap-view-default) .elementor-drop-cap-letter{width:1em;height:1em}.elementor-widget-text-editor .elementor-drop-cap{float:left;text-align:center;line-height:1;font-size:50px}.elementor-widget-text-editor .elementor-drop-cap-letter{display:inline-block}<\/style>\t\t\t\t<p>Sofistike a\u00e7\u0131k kahve tonu ve belirgin damarlar\u0131yla bilinen Light Emperador. Bu zamans\u0131z ta\u015f, kusursuz bir \u015fekilde birle\u015fen a\u00e7\u0131k ve koyu kahve tonlar\u0131n bir kar\u0131\u015f\u0131m\u0131n\u0131 sergiliyor.<br \/>Light Emperador, d\u00fcnya \u00e7ap\u0131nda prestijli mimari ve tasar\u0131m projeleri i\u00e7in imrenilen bir se\u00e7im haline geldi. G\u00fczelli\u011fi ve herhangi bir alan\u0131 y\u00fckseltme yetene\u011fi, onu bir l\u00fcks ve zarafet ifadesi haline getirdi.<br \/>Ola\u011fan\u00fcst\u00fc dayan\u0131kl\u0131l\u0131\u011f\u0131, onu hem konut hem de ticari uygulamalar i\u00e7in ideal hale getirir.<\/p>\t\t\t\t\t\t<\/div>\n\t\t\t\t<\/div>\n\t\t\t\t<\/div>\n\t\t\t\t\t<\/div>\n\t\t\t\t<\/div>\n\t\t\t\t<\/div>\n\t\t","protected":false},"excerpt":{"rendered":"<p>Sofistike a\u00e7\u0131k kahve tonu ve belirgin damarlar\u0131yla bilinen Light Emperador. Bu zamans\u0131z ta\u015f, kusursuz bir \u015fekilde birle\u015fen a\u00e7\u0131k ve koyu kahve tonlar\u0131n bir kar\u0131\u015f\u0131m\u0131n\u0131 sergiliyor.Light Emperador, d\u00fcnya \u00e7ap\u0131nda prestijli mimari ve tasar\u0131m projeleri i\u00e7in imrenilen bir se\u00e7im haline geldi. G\u00fczelli\u011fi ve herhangi bir alan\u0131 y\u00fckseltme yetene\u011fi, onu bir l\u00fcks ve zarafet ifadesi haline getirdi.Ola\u011fan\u00fcst\u00fc dayan\u0131kl\u0131l\u0131\u011f\u0131, [&hellip;]<\/p>\n","protected":false},"author":1,"featured_media":0,"parent":0,"menu_order":0,"comment_status":"closed","ping_status":"closed","template":"","meta":{"_acf_changed":false,"footnotes":""},"class_list":["post-6830","page","type-page","status-publish","hentry"],"acf":[],"_links":{"self":[{"href":"https:\/\/belgestone.com.tr\/index.php\/wp-json\/wp\/v2\/pages\/6830","targetHints":{"allow":["GET"]}}],"collection":[{"href":"https:\/\/belgestone.com.tr\/index.php\/wp-json\/wp\/v2\/pages"}],"about":[{"href":"https:\/\/belgestone.com.tr\/index.php\/wp-json\/wp\/v2\/types\/page"}],"author":[{"embeddable":true,"href":"https:\/\/belgestone.com.tr\/index.php\/wp-json\/wp\/v2\/users\/1"}],"replies":[{"embeddable":true,"href":"https:\/\/belgestone.com.tr\/index.php\/wp-json\/wp\/v2\/comments?post=6830"}],"version-history":[{"count":4,"href":"https:\/\/belgestone.com.tr\/index.php\/wp-json\/wp\/v2\/pages\/6830\/revisions"}],"predecessor-version":[{"id":6919,"href":"https:\/\/belgestone.com.tr\/index.php\/wp-json\/wp\/v2\/pages\/6830\/revisions\/6919"}],"wp:attachment":[{"href":"https:\/\/belgestone.com.tr\/index.php\/wp-json\/wp\/v2\/media?parent=6830"}],"curies":[{"name":"wp","href":"https:\/\/api.w.org\/{rel}","templated":true}]}}