{"id":6828,"date":"2024-02-21T18:30:15","date_gmt":"2024-02-21T15:30:15","guid":{"rendered":"https:\/\/belgestone.com.tr\/?page_id=6828"},"modified":"2024-02-21T19:30:00","modified_gmt":"2024-02-21T16:30:00","slug":"silver-grey-marble-2","status":"publish","type":"page","link":"https:\/\/belgestone.com.tr\/index.php\/silver-grey-marble-2\/","title":{"rendered":"SILVER GREY MARBLE"},"content":{"rendered":"\t\t<div data-elementor-type=\"wp-page\" data-elementor-id=\"6828\" class=\"elementor elementor-6828\">\n\t\t\t\t<div class=\"elementor-element elementor-element-0f28b21 e-flex e-con-boxed e-con e-parent\" data-id=\"0f28b21\" data-element_type=\"container\" data-settings=\"{&quot;content_width&quot;:&quot;boxed&quot;}\" data-core-v316-plus=\"true\">\n\t\t\t\t\t<div class=\"e-con-inner\">\n\t\t<div class=\"elementor-element elementor-element-ebc1591 e-con-full e-flex e-con e-child\" data-id=\"ebc1591\" data-element_type=\"container\" data-settings=\"{&quot;content_width&quot;:&quot;full&quot;}\">\n\t\t\t\t<div class=\"elementor-element elementor-element-4dc1cd5 elementor-widget elementor-widget-image\" data-id=\"4dc1cd5\" data-element_type=\"widget\" data-widget_type=\"image.default\">\n\t\t\t\t<div class=\"elementor-widget-container\">\n\t\t\t<style>\/*! elementor - v3.19.0 - 07-02-2024 *\/\n.elementor-widget-image{text-align:center}.elementor-widget-image a{display:inline-block}.elementor-widget-image a img[src$=\".svg\"]{width:48px}.elementor-widget-image img{vertical-align:middle;display:inline-block}<\/style>\t\t\t\t\t\t\t\t\t\t<img fetchpriority=\"high\" decoding=\"async\" width=\"525\" height=\"573\" src=\"https:\/\/belgestone.com.tr\/wp-content\/uploads\/2024\/02\/SILVER-GREY-MARBLE.png\" class=\"attachment-large size-large wp-image-6787\" alt=\"\" srcset=\"https:\/\/belgestone.com.tr\/wp-content\/uploads\/2024\/02\/SILVER-GREY-MARBLE.png 613w, https:\/\/belgestone.com.tr\/wp-content\/uploads\/2024\/02\/SILVER-GREY-MARBLE-275x300.png 275w\" sizes=\"(max-width: 525px) 100vw, 525px\" \/>\t\t\t\t\t\t\t\t\t\t\t\t\t<\/div>\n\t\t\t\t<\/div>\n\t\t\t\t<\/div>\n\t\t<div class=\"elementor-element elementor-element-b1c4a42 e-con-full e-flex e-con e-child\" data-id=\"b1c4a42\" data-element_type=\"container\" data-settings=\"{&quot;content_width&quot;:&quot;full&quot;}\">\n\t\t\t\t<div class=\"elementor-element elementor-element-c183207 elementor-widget elementor-widget-text-editor\" data-id=\"c183207\" data-element_type=\"widget\" data-widget_type=\"text-editor.default\">\n\t\t\t\t<div class=\"elementor-widget-container\">\n\t\t\t<style>\/*! elementor - v3.19.0 - 07-02-2024 *\/\n.elementor-widget-text-editor.elementor-drop-cap-view-stacked .elementor-drop-cap{background-color:#69727d;color:#fff}.elementor-widget-text-editor.elementor-drop-cap-view-framed .elementor-drop-cap{color:#69727d;border:3px solid;background-color:transparent}.elementor-widget-text-editor:not(.elementor-drop-cap-view-default) .elementor-drop-cap{margin-top:8px}.elementor-widget-text-editor:not(.elementor-drop-cap-view-default) .elementor-drop-cap-letter{width:1em;height:1em}.elementor-widget-text-editor .elementor-drop-cap{float:left;text-align:center;line-height:1;font-size:50px}.elementor-widget-text-editor .elementor-drop-cap-letter{display:inline-block}<\/style>\t\t\t\t<p>A\u00e7\u0131k gri damar yap\u0131s\u0131 ile mekana hayali bir g\u00f6r\u00fcn\u00fcm katan bu mermer, d\u00f6\u015feme ve duvar uygulamalar\u0131 ba\u015fta olmak \u00fczere bir\u00e7ok alanda rahatl\u0131kla kullan\u0131labilir, modern banyolar, mutfaklar ve daha fazlas\u0131 i\u00e7in dikkat \u00e7ekici bir mermer se\u00e7imidir. Gri tonunun homojen da\u011f\u0131l\u0131m\u0131 sayesinde ortaya \u00e7\u0131kan ihti\u015faml\u0131 ve derin atmosfer mutfak, tezgah \u00fcst\u00fc, banyo ve geni\u015f alanlarda s\u0131kl\u0131kla tercih edilmektedir. Silver grey, cilal\u0131 ve honlanm\u0131\u015f y\u00fczeyi ile t\u00fcm mekanlara do\u011fal ve \u00e7arp\u0131c\u0131 bir g\u00fczellik katar.<\/p>\t\t\t\t\t\t<\/div>\n\t\t\t\t<\/div>\n\t\t\t\t<\/div>\n\t\t\t\t\t<\/div>\n\t\t\t\t<\/div>\n\t\t\t\t<\/div>\n\t\t","protected":false},"excerpt":{"rendered":"<p>A\u00e7\u0131k gri damar yap\u0131s\u0131 ile mekana hayali bir g\u00f6r\u00fcn\u00fcm katan bu mermer, d\u00f6\u015feme ve duvar uygulamalar\u0131 ba\u015fta olmak \u00fczere bir\u00e7ok alanda rahatl\u0131kla kullan\u0131labilir, modern banyolar, mutfaklar ve daha fazlas\u0131 i\u00e7in dikkat \u00e7ekici bir mermer se\u00e7imidir. Gri tonunun homojen da\u011f\u0131l\u0131m\u0131 sayesinde ortaya \u00e7\u0131kan ihti\u015faml\u0131 ve derin atmosfer mutfak, tezgah \u00fcst\u00fc, banyo ve geni\u015f alanlarda s\u0131kl\u0131kla tercih [&hellip;]<\/p>\n","protected":false},"author":1,"featured_media":0,"parent":0,"menu_order":0,"comment_status":"closed","ping_status":"closed","template":"","meta":{"_acf_changed":false,"footnotes":""},"class_list":["post-6828","page","type-page","status-publish","hentry"],"acf":[],"_links":{"self":[{"href":"https:\/\/belgestone.com.tr\/index.php\/wp-json\/wp\/v2\/pages\/6828","targetHints":{"allow":["GET"]}}],"collection":[{"href":"https:\/\/belgestone.com.tr\/index.php\/wp-json\/wp\/v2\/pages"}],"about":[{"href":"https:\/\/belgestone.com.tr\/index.php\/wp-json\/wp\/v2\/types\/page"}],"author":[{"embeddable":true,"href":"https:\/\/belgestone.com.tr\/index.php\/wp-json\/wp\/v2\/users\/1"}],"replies":[{"embeddable":true,"href":"https:\/\/belgestone.com.tr\/index.php\/wp-json\/wp\/v2\/comments?post=6828"}],"version-history":[{"count":4,"href":"https:\/\/belgestone.com.tr\/index.php\/wp-json\/wp\/v2\/pages\/6828\/revisions"}],"predecessor-version":[{"id":6916,"href":"https:\/\/belgestone.com.tr\/index.php\/wp-json\/wp\/v2\/pages\/6828\/revisions\/6916"}],"wp:attachment":[{"href":"https:\/\/belgestone.com.tr\/index.php\/wp-json\/wp\/v2\/media?parent=6828"}],"curies":[{"name":"wp","href":"https:\/\/api.w.org\/{rel}","templated":true}]}}